{"id":13,"date":"2025-07-10T10:38:47","date_gmt":"2025-07-10T08:38:47","guid":{"rendered":"https:\/\/www.chroma-web.com\/lifeweeeloop?page_id=13"},"modified":"2025-07-10T10:39:10","modified_gmt":"2025-07-10T08:39:10","slug":"legal-notice","status":"publish","type":"page","link":"https:\/\/www.lifeweeeloop.com\/en\/legal-notice\/","title":{"rendered":"Legal notice"},"content":{"rendered":"<p><?php get_header();?><\/p>\n<div class=\"gorputza aktibo\" style=\"background:white\" data-barba=\"container\" data-barba-namespace=\"orrialdea\">\n<?php $site_url = site_url();\n$url = preg_replace(\"(^https?:\/\/www.)\", \"\", $site_url );\n\n$titular_1 = get_option('titular_1_es');\n$razonsocial = get_option('razonsocial');\n$nombrecomercial = get_option('nombrecomercial');\n$nif = get_option('nif');\n$email = get_option('email');\n$direccion = get_option('direccion');\n$actividadsocial = get_option('actividadsocial');\n$descripcion = get_option('descripcion');\n$fechadehoy = get_option('fechadehoy');\n?><\/p>\n<div class=\"legal-container-sarrera\">\n<div class=\"legal-50\">\n<h1 class=\"legal-h1\">Aviso legal<\/h1>\n<\/p><\/div>\n<div class=\"legal-50\">\n<p class=\"legal-p\">En cumplimiento con el deber de informaci\u00f3n recogido en el art\u00edculo 10 de la Ley 34\/2002, de 11 de julio, de Servicios de la Sociedad de la Informaci\u00f3n y del Comercio Electr\u00f3nico (LSSICE), a continuaci\u00f3n, se exponen los datos identificativos del titular de la p\u00e1gina web <?php echo $url; ?><\/p>\n<\/div>\n<\/div>\n<div class=\"legal-container\">\n<div class=\"legal-30\">\n<p class=\"legal-titulua\">Identificador del responsable de la web<\/p>\n<\/div>\n<div class=\"legal-50\">\n<ul class=\"legal-ul\">\n<li class=\"legal-li\">Denominaci\u00f3n social: <b><?php echo $razonsocial; ?><\/b><\/li>\n<li class=\"legal-li\">Nombre comercial: <b><?php echo $nombrecomercial; ?><\/b><\/li>\n<li class=\"legal-li\">NIF: <b><?php echo $nif; ?><\/b><\/li>\n<li class=\"legal-li\">Correo electr\u00f3nico: <b><?php echo $email; ?><\/b><\/li>\n<li class=\"legal-li\">Domicilio social: <b><?php echo $direccion; ?><\/b><\/li>\n<li class=\"legal-li\">Actividad social: <b><?php echo $actividadsocial; ?><\/b><\/li>\n<li class=\"legal-li\">Esta p\u00e1gina web tiene car\u00e1cter informativo y tiene como objetivo proporcionar informaci\u00f3n sobre <?php echo $descripcion; ?>.<\/li>\n<\/ul><\/div>\n<\/div>\n<div class=\"legal-container\">\n<div class=\"legal-30\">\n<p class=\"legal-titulua\">Propiedad intelectual e industrial<\/p>\n<\/div>\n<div class=\"legal-50\">\n<p class=\"legal-p\">Los contenidos de esta p\u00e1gina web, incluyendo textos, im\u00e1genes, logotipos, dise\u00f1o gr\u00e1fico, c\u00f3digo fuente, son propiedad intelectual de <?php echo $nombrecomercial; ?>, quedando prohibida su reproducci\u00f3n, distribuci\u00f3n, comunicaci\u00f3n p\u00fablica o transformaci\u00f3n sin la autorizaci\u00f3n expresa de la entidad.<\/p>\n<\/p><\/div>\n<\/div>\n<div class=\"legal-container\">\n<div class=\"legal-30\">\n<p class=\"legal-titulua\">Protecci\u00f3n de datos personales<\/p>\n<\/div>\n<div class=\"legal-50\">\n<p class=\"legal-p\">De acuerdo con la normativa vigente en materia de protecci\u00f3n de datos personales, le informamos que los datos personales recabados a trav\u00e9s de esta p\u00e1gina web ser\u00e1n tratados de acuerdo con nuestra Pol\u00edtica de Privacidad, la cual puede consultar en el siguiente enlace: <a href=\"<?php echo get_home_url(); ?>\/es\/politica-de-privacidad&#8221;>Pol\u00edtica de Privacidad<\/a>.<\/p>\n<\/p><\/div>\n<\/div>\n<div class=\"legal-container\">\n<div class=\"legal-30\">\n<p class=\"legal-titulua\">Responsabilidad<\/p>\n<\/div>\n<div class=\"legal-50\">\n<p class=\"legal-p\"><?php echo $nombrecomercial; ?> no se hace responsable de los da\u00f1os y perjuicios derivados del uso de la informaci\u00f3n proporcionada en esta p\u00e1gina web ni de la falta de disponibilidad o acceso a la misma.<\/p>\n<\/p><\/div>\n<\/div>\n<div class=\"legal-container\">\n<div class=\"legal-30\">\n<p class=\"legal-titulua\">Legislaci\u00f3n aplicable y jurisdicci\u00f3n<\/p>\n<\/div>\n<div class=\"legal-50\">\n<p class=\"legal-p\">La relaci\u00f3n entre el usuario y <?php echo $nombrecomercial; ?> se regir\u00e1 por la normativa espa\u00f1ola vigente y cualquier controversia se someter\u00e1 a los juzgados y tribunales en el Pa\u00eds Vasco.<\/p>\n<p><?php echo $nombrecomercial; ?> se reserva el derecho de modificar, en cualquier momento y sin previo aviso, la informaci\u00f3n contenida en esta p\u00e1gina web, as\u00ed como la configuraci\u00f3n y presentaci\u00f3n de la misma.<\/p>\n<p>Para cualquier consulta o comentario, puede ponerse en contacto con nosotros a trav\u00e9s de la direcci\u00f3n de correo electr\u00f3nico: <?php echo $email; ?><\/p>\n<\/p><\/div>\n<\/div>\n<div class=\"legal-container\">\n<div class=\"legal-center\">\n<p class=\"legal-p\">Fecha de la \u00faltima actualizaci\u00f3n: <?php echo $fechadehoy; ?>.<\/p>\n<\/div>\n<\/div>\n<p><?php get_footer(); ?><\/p>\n","protected":false},"excerpt":{"rendered":"<p>Aviso legal En cumplimiento con el deber de informaci\u00f3n recogido en el art\u00edculo 10 de la Ley 34\/2002, de 11 de julio, de Servicios de la Sociedad de la Informaci\u00f3n y del Comercio Electr\u00f3nico (LSSICE), a continuaci\u00f3n, se exponen los datos identificativos del titular de la p\u00e1gina web Identificador del responsable de la web Denominaci\u00f3n [&hellip;]<\/p>\n","protected":false},"author":1,"featured_media":0,"parent":0,"menu_order":0,"comment_status":"closed","ping_status":"closed","template":"","meta":{"footnotes":""},"class_list":["post-13","page","type-page","status-publish","hentry"],"yoast_head":"<!-- This site is optimized with the Yoast SEO plugin v25.5 - https:\/\/yoast.com\/wordpress\/plugins\/seo\/ -->\n<title>Legal notice - life WEEELOOP<\/title>\n<meta name=\"robots\" content=\"index, follow, max-snippet:-1, max-image-preview:large, max-video-preview:-1\" \/>\n<link rel=\"canonical\" href=\"https:\/\/www.lifeweeeloop.com\/en\/legal-notice\/\" \/>\n<meta property=\"og:locale\" content=\"en_US\" \/>\n<meta property=\"og:type\" content=\"article\" \/>\n<meta property=\"og:title\" content=\"Legal notice - life WEEELOOP\" \/>\n<meta property=\"og:description\" content=\"Aviso legal En cumplimiento con el deber de informaci\u00f3n recogido en el art\u00edculo 10 de la Ley 34\/2002, de 11 de julio, de Servicios de la Sociedad de la Informaci\u00f3n y del Comercio Electr\u00f3nico (LSSICE), a continuaci\u00f3n, se exponen los datos identificativos del titular de la p\u00e1gina web Identificador del responsable de la web Denominaci\u00f3n [&hellip;]\" \/>\n<meta property=\"og:url\" content=\"https:\/\/www.lifeweeeloop.com\/en\/legal-notice\/\" \/>\n<meta property=\"og:site_name\" content=\"life WEEELOOP\" \/>\n<meta property=\"article:modified_time\" content=\"2025-07-10T08:39:10+00:00\" \/>\n<meta name=\"twitter:card\" content=\"summary_large_image\" \/>\n<meta name=\"twitter:label1\" content=\"Est. reading time\" \/>\n\t<meta name=\"twitter:data1\" content=\"1 minute\" \/>\n<script type=\"application\/ld+json\" class=\"yoast-schema-graph\">{\"@context\":\"https:\/\/schema.org\",\"@graph\":[{\"@type\":\"WebPage\",\"@id\":\"https:\/\/www.lifeweeeloop.com\/en\/legal-notice\/\",\"url\":\"https:\/\/www.lifeweeeloop.com\/en\/legal-notice\/\",\"name\":\"Legal notice - life WEEELOOP\",\"isPartOf\":{\"@id\":\"https:\/\/www.lifeweeeloop.com\/eu\/#website\"},\"datePublished\":\"2025-07-10T08:38:47+00:00\",\"dateModified\":\"2025-07-10T08:39:10+00:00\",\"breadcrumb\":{\"@id\":\"https:\/\/www.lifeweeeloop.com\/en\/legal-notice\/#breadcrumb\"},\"inLanguage\":\"en-US\",\"potentialAction\":[{\"@type\":\"ReadAction\",\"target\":[\"https:\/\/www.lifeweeeloop.com\/en\/legal-notice\/\"]}]},{\"@type\":\"BreadcrumbList\",\"@id\":\"https:\/\/www.lifeweeeloop.com\/en\/legal-notice\/#breadcrumb\",\"itemListElement\":[{\"@type\":\"ListItem\",\"position\":1,\"name\":\"Portada\",\"item\":\"https:\/\/www.lifeweeeloop.com\/eu\/\"},{\"@type\":\"ListItem\",\"position\":2,\"name\":\"Legal notice\"}]},{\"@type\":\"WebSite\",\"@id\":\"https:\/\/www.lifeweeeloop.com\/eu\/#website\",\"url\":\"https:\/\/www.lifeweeeloop.com\/eu\/\",\"name\":\"life WEEELOOP\",\"description\":\"Impulsando la econom\u00eda circular en la recuperaci\u00f3n de encimeras\",\"potentialAction\":[{\"@type\":\"SearchAction\",\"target\":{\"@type\":\"EntryPoint\",\"urlTemplate\":\"https:\/\/www.lifeweeeloop.com\/eu\/?s={search_term_string}\"},\"query-input\":{\"@type\":\"PropertyValueSpecification\",\"valueRequired\":true,\"valueName\":\"search_term_string\"}}],\"inLanguage\":\"en-US\"}]}<\/script>\n<!-- \/ Yoast SEO plugin. -->","yoast_head_json":{"title":"Legal notice - life WEEELOOP","robots":{"index":"index","follow":"follow","max-snippet":"max-snippet:-1","max-image-preview":"max-image-preview:large","max-video-preview":"max-video-preview:-1"},"canonical":"https:\/\/www.lifeweeeloop.com\/en\/legal-notice\/","og_locale":"en_US","og_type":"article","og_title":"Legal notice - life WEEELOOP","og_description":"Aviso legal En cumplimiento con el deber de informaci\u00f3n recogido en el art\u00edculo 10 de la Ley 34\/2002, de 11 de julio, de Servicios de la Sociedad de la Informaci\u00f3n y del Comercio Electr\u00f3nico (LSSICE), a continuaci\u00f3n, se exponen los datos identificativos del titular de la p\u00e1gina web Identificador del responsable de la web Denominaci\u00f3n [&hellip;]","og_url":"https:\/\/www.lifeweeeloop.com\/en\/legal-notice\/","og_site_name":"life WEEELOOP","article_modified_time":"2025-07-10T08:39:10+00:00","twitter_card":"summary_large_image","twitter_misc":{"Est. reading time":"1 minute"},"schema":{"@context":"https:\/\/schema.org","@graph":[{"@type":"WebPage","@id":"https:\/\/www.lifeweeeloop.com\/en\/legal-notice\/","url":"https:\/\/www.lifeweeeloop.com\/en\/legal-notice\/","name":"Legal notice - life WEEELOOP","isPartOf":{"@id":"https:\/\/www.lifeweeeloop.com\/eu\/#website"},"datePublished":"2025-07-10T08:38:47+00:00","dateModified":"2025-07-10T08:39:10+00:00","breadcrumb":{"@id":"https:\/\/www.lifeweeeloop.com\/en\/legal-notice\/#breadcrumb"},"inLanguage":"en-US","potentialAction":[{"@type":"ReadAction","target":["https:\/\/www.lifeweeeloop.com\/en\/legal-notice\/"]}]},{"@type":"BreadcrumbList","@id":"https:\/\/www.lifeweeeloop.com\/en\/legal-notice\/#breadcrumb","itemListElement":[{"@type":"ListItem","position":1,"name":"Portada","item":"https:\/\/www.lifeweeeloop.com\/eu\/"},{"@type":"ListItem","position":2,"name":"Legal notice"}]},{"@type":"WebSite","@id":"https:\/\/www.lifeweeeloop.com\/eu\/#website","url":"https:\/\/www.lifeweeeloop.com\/eu\/","name":"life WEEELOOP","description":"Impulsando la econom\u00eda circular en la recuperaci\u00f3n de encimeras","potentialAction":[{"@type":"SearchAction","target":{"@type":"EntryPoint","urlTemplate":"https:\/\/www.lifeweeeloop.com\/eu\/?s={search_term_string}"},"query-input":{"@type":"PropertyValueSpecification","valueRequired":true,"valueName":"search_term_string"}}],"inLanguage":"en-US"}]}},"_links":{"self":[{"href":"https:\/\/www.lifeweeeloop.com\/en\/wp-json\/wp\/v2\/pages\/13","targetHints":{"allow":["GET"]}}],"collection":[{"href":"https:\/\/www.lifeweeeloop.com\/en\/wp-json\/wp\/v2\/pages"}],"about":[{"href":"https:\/\/www.lifeweeeloop.com\/en\/wp-json\/wp\/v2\/types\/page"}],"author":[{"embeddable":true,"href":"https:\/\/www.lifeweeeloop.com\/en\/wp-json\/wp\/v2\/users\/1"}],"replies":[{"embeddable":true,"href":"https:\/\/www.lifeweeeloop.com\/en\/wp-json\/wp\/v2\/comments?post=13"}],"version-history":[{"count":1,"href":"https:\/\/www.lifeweeeloop.com\/en\/wp-json\/wp\/v2\/pages\/13\/revisions"}],"predecessor-version":[{"id":135,"href":"https:\/\/www.lifeweeeloop.com\/en\/wp-json\/wp\/v2\/pages\/13\/revisions\/135"}],"wp:attachment":[{"href":"https:\/\/www.lifeweeeloop.com\/en\/wp-json\/wp\/v2\/media?parent=13"}],"curies":[{"name":"wp","href":"https:\/\/api.w.org\/{rel}","templated":true}]}}